{"id":3366,"date":"2024-06-02T19:20:32","date_gmt":"2024-06-03T02:20:32","guid":{"rendered":"https:\/\/garridoimmigration.ca\/?page_id=3366"},"modified":"2024-12-17T19:44:08","modified_gmt":"2024-12-18T03:44:08","slug":"agenda-hoy","status":"publish","type":"page","link":"https:\/\/garridoimmigration.ca\/es_cl\/agenda-hoy\/","title":{"rendered":"Agenda Hoy"},"content":{"rendered":"<div data-elementor-type=\"wp-page\" data-elementor-id=\"3366\" class=\"elementor elementor-3366\" data-elementor-post-type=\"page\">\n\t\t\t\t\t\t<section class=\"elementor-section elementor-top-section elementor-element elementor-element-7faa3fa2 elementor-section-boxed elementor-section-height-default elementor-section-height-default\" data-id=\"7faa3fa2\" data-element_type=\"section\" data-e-type=\"section\">\n\t\t\t\t\t\t<div class=\"elementor-container elementor-column-gap-default\">\n\t\t\t\t\t<div class=\"elementor-column elementor-col-100 elementor-top-column elementor-element elementor-element-8031978\" data-id=\"8031978\" data-element_type=\"column\" data-e-type=\"column\">\n\t\t\t<div class=\"elementor-widget-wrap elementor-element-populated\">\n\t\t\t\t\t\t<div class=\"elementor-element elementor-element-66703937 elementor-hidden-phone elementor-widget__width-initial elementor-widget-tablet__width-initial elementor-skin-carousel elementor-arrows-yes elementor-pagination-type-bullets elementor-pagination-position-outside elementor-widget elementor-widget-media-carousel\" data-id=\"66703937\" data-element_type=\"widget\" data-e-type=\"widget\" data-settings=\"{&quot;slides_per_view&quot;:&quot;1&quot;,&quot;slides_per_view_tablet&quot;:&quot;1&quot;,&quot;skin&quot;:&quot;carousel&quot;,&quot;effect&quot;:&quot;slide&quot;,&quot;show_arrows&quot;:&quot;yes&quot;,&quot;pagination&quot;:&quot;bullets&quot;,&quot;speed&quot;:500,&quot;autoplay&quot;:&quot;yes&quot;,&quot;autoplay_speed&quot;:5000,&quot;loop&quot;:&quot;yes&quot;,&quot;pause_on_hover&quot;:&quot;yes&quot;,&quot;pause_on_interaction&quot;:&quot;yes&quot;,&quot;space_between&quot;:{&quot;unit&quot;:&quot;px&quot;,&quot;size&quot;:10,&quot;sizes&quot;:[]},&quot;space_between_tablet&quot;:{&quot;unit&quot;:&quot;px&quot;,&quot;size&quot;:10,&quot;sizes&quot;:[]},&quot;space_between_mobile&quot;:{&quot;unit&quot;:&quot;px&quot;,&quot;size&quot;:10,&quot;sizes&quot;:[]}}\" data-widget_type=\"media-carousel.default\">\n\t\t\t\t<div class=\"elementor-widget-container\">\n\t\t\t\t\t\t\t\t\t<div class=\"elementor-swiper\">\n\t\t\t\t\t<div class=\"elementor-main-swiper swiper\" role=\"region\" aria-roledescription=\"carousel\" aria-label=\"Slides\">\n\t\t\t\t<div class=\"swiper-wrapper\">\n\t\t\t\t\t\t\t\t\t\t\t<div class=\"swiper-slide\" role=\"group\" aria-roledescription=\"slide\">\n\t\t\t\t\t\t\t\t\t<div class=\"elementor-carousel-image\" role=\"img\" aria-label=\"Plane to visit Canada; Visitando Canada por avion\" style=\"background-image: url(&#039;https:\/\/garridoimmigration.ca\/wp-content\/uploads\/2024\/04\/Plane-to-visit-Canada.jpg&#039;)\">\n\n\t\t\t\n\t\t\t\t\t<\/div>\n\t\t\t\t\t\t\t\t<\/div>\n\t\t\t\t\t\t\t\t\t<\/div>\n\t\t\t\t\t\t\t<\/div>\n\t\t\t\t<\/div>\n\t\t\t\t\t\t\t\t<\/div>\n\t\t\t\t<\/div>\n\t\t\t\t\t<\/div>\n\t\t<\/div>\n\t\t\t\t\t<\/div>\n\t\t<\/section>\n\t\t\t\t<section class=\"elementor-section elementor-top-section elementor-element elementor-element-854a309 elementor-section-boxed elementor-section-height-default elementor-section-height-default\" data-id=\"854a309\" data-element_type=\"section\" data-e-type=\"section\">\n\t\t\t\t\t\t<div class=\"elementor-container elementor-column-gap-default\">\n\t\t\t\t\t<div class=\"elementor-column elementor-col-100 elementor-top-column elementor-element elementor-element-7e5f1512\" data-id=\"7e5f1512\" data-element_type=\"column\" data-e-type=\"column\">\n\t\t\t<div class=\"elementor-widget-wrap elementor-element-populated\">\n\t\t\t\t\t\t<div class=\"elementor-element elementor-element-70782147 elementor-hidden-desktop elementor-hidden-tablet elementor-skin-carousel elementor-pagination-type-bullets elementor-pagination-position-outside elementor-widget elementor-widget-media-carousel\" data-id=\"70782147\" data-element_type=\"widget\" data-e-type=\"widget\" data-settings=\"{&quot;effect&quot;:&quot;cube&quot;,&quot;skin&quot;:&quot;carousel&quot;,&quot;pagination&quot;:&quot;bullets&quot;,&quot;speed&quot;:500,&quot;space_between&quot;:{&quot;unit&quot;:&quot;px&quot;,&quot;size&quot;:10,&quot;sizes&quot;:[]},&quot;space_between_tablet&quot;:{&quot;unit&quot;:&quot;px&quot;,&quot;size&quot;:10,&quot;sizes&quot;:[]},&quot;space_between_mobile&quot;:{&quot;unit&quot;:&quot;px&quot;,&quot;size&quot;:10,&quot;sizes&quot;:[]}}\" data-widget_type=\"media-carousel.default\">\n\t\t\t\t<div class=\"elementor-widget-container\">\n\t\t\t\t\t\t\t\t\t<div class=\"elementor-swiper\">\n\t\t\t\t\t<div class=\"elementor-main-swiper swiper\" role=\"region\" aria-roledescription=\"carousel\" aria-label=\"Slides\">\n\t\t\t\t<div class=\"swiper-wrapper\">\n\t\t\t\t\t\t\t\t\t\t\t<div class=\"swiper-slide\" role=\"group\" aria-roledescription=\"slide\">\n\t\t\t\t\t\t\t\t\t<div class=\"elementor-carousel-image\" role=\"img\" aria-label=\"Canadian flag city landscape; bandera canadiense vive en Vancouver\" style=\"background-image: url(&#039;https:\/\/garridoimmigration.ca\/wp-content\/uploads\/2024\/04\/LIVE-in-Canada-Vancouver-CityLandscape-360x320-01.png&#039;)\">\n\n\t\t\t\n\t\t\t\t\t<\/div>\n\t\t\t\t\t\t\t\t<\/div>\n\t\t\t\t\t\t\t\t\t<\/div>\n\t\t\t\t\t\t\t<\/div>\n\t\t\t\t<\/div>\n\t\t\t\t\t\t\t\t<\/div>\n\t\t\t\t<\/div>\n\t\t\t\t\t<\/div>\n\t\t<\/div>\n\t\t\t\t\t<\/div>\n\t\t<\/section>\n\t\t<div class=\"elementor-element elementor-element-75b0170 e-flex e-con-boxed e-con e-parent\" data-id=\"75b0170\" data-element_type=\"container\" data-e-type=\"container\">\n\t\t\t\t\t<div class=\"e-con-inner\">\n\t\t\t\t<div class=\"elementor-element elementor-element-fb3acf3 elementor-widget elementor-widget-spacer\" data-id=\"fb3acf3\" data-element_type=\"widget\" data-e-type=\"widget\" data-widget_type=\"spacer.default\">\n\t\t\t\t<div class=\"elementor-widget-container\">\n\t\t\t\t\t\t\t<div class=\"elementor-spacer\">\n\t\t\t<div class=\"elementor-spacer-inner\"><\/div>\n\t\t<\/div>\n\t\t\t\t\t\t<\/div>\n\t\t\t\t<\/div>\n\t\t\t\t\t<\/div>\n\t\t\t\t<\/div>\n\t\t<div class=\"elementor-element elementor-element-bd40f6f e-flex e-con-boxed e-con e-parent\" data-id=\"bd40f6f\" data-element_type=\"container\" data-e-type=\"container\" data-settings=\"{&quot;background_background&quot;:&quot;classic&quot;}\">\n\t\t\t\t\t<div class=\"e-con-inner\">\n\t\t<div class=\"elementor-element elementor-element-4e8ff6a e-flex e-con-boxed e-con e-child\" data-id=\"4e8ff6a\" data-element_type=\"container\" data-e-type=\"container\">\n\t\t\t\t\t<div class=\"e-con-inner\">\n\t\t\t\t<div class=\"elementor-element elementor-element-6ad3333 elementor-widget elementor-widget-heading\" data-id=\"6ad3333\" data-element_type=\"widget\" data-e-type=\"widget\" data-widget_type=\"heading.default\">\n\t\t\t\t<div class=\"elementor-widget-container\">\n\t\t\t\t\t<h4 class=\"elementor-heading-title elementor-size-default\">\u00a1Reserva Ahora Tu Consulta de 1 Hora!<\/h4>\t\t\t\t<\/div>\n\t\t\t\t<\/div>\n\t\t\t\t<div class=\"elementor-element elementor-element-ae08511 elementor-widget elementor-widget-text-editor\" data-id=\"ae08511\" data-element_type=\"widget\" data-e-type=\"widget\" data-widget_type=\"text-editor.default\">\n\t\t\t\t<div class=\"elementor-widget-container\">\n\t\t\t\t\t\t\t\t\t<p>Durante esta exhaustiva consulta, profundizaremos en tus antecedentes, calificaciones y aspiraciones. Recibir\u00e1s 1 hora de orientaci\u00f3n experta y adaptada a tu situaci\u00f3n.<\/p><p>Al final de la sesi\u00f3n, recibir\u00e1s un informe experto completo que describe las mejores estrategias para lograr tus objetivos, junto con los pasos pr\u00e1cticos para comenzar.<\/p>\t\t\t\t\t\t\t\t<\/div>\n\t\t\t\t<\/div>\n\t\t\t\t\t<\/div>\n\t\t\t\t<\/div>\n\t\t\t\t\t<\/div>\n\t\t\t\t<\/div>\n\t\t<div class=\"elementor-element elementor-element-97f5bda e-flex e-con-boxed e-con e-parent\" data-id=\"97f5bda\" data-element_type=\"container\" data-e-type=\"container\" data-settings=\"{&quot;background_background&quot;:&quot;classic&quot;}\">\n\t\t\t\t\t<div class=\"e-con-inner\">\n\t\t<div class=\"elementor-element elementor-element-1aeda06 e-flex e-con-boxed e-con e-child\" data-id=\"1aeda06\" data-element_type=\"container\" data-e-type=\"container\">\n\t\t\t\t\t<div class=\"e-con-inner\">\n\t\t<div class=\"elementor-element elementor-element-9247a43 e-flex e-con-boxed e-con e-child\" data-id=\"9247a43\" data-element_type=\"container\" data-e-type=\"container\">\n\t\t\t\t\t<div class=\"e-con-inner\">\n\t\t\t\t<div class=\"elementor-element elementor-element-fd1646e elementor-view-stacked elementor-shape-square elementor-widget-tablet__width-initial elementor-position-inline-start elementor-widget__width-initial elementor-widget-mobile__width-initial elementor-mobile-position-block-start elementor-widget elementor-widget-icon-box\" data-id=\"fd1646e\" data-element_type=\"widget\" data-e-type=\"widget\" data-widget_type=\"icon-box.default\">\n\t\t\t\t<div class=\"elementor-widget-container\">\n\t\t\t\t\t\t\t<div class=\"elementor-icon-box-wrapper\">\n\n\t\t\t\t\t\t<div class=\"elementor-icon-box-icon\">\n\t\t\t\t<span  class=\"elementor-icon elementor-animation-shrink\">\n\t\t\t\t<i aria-hidden=\"true\" class=\"fas fa-balance-scale\"><\/i>\t\t\t\t<\/span>\n\t\t\t<\/div>\n\t\t\t\n\t\t\t\t\t\t<div class=\"elementor-icon-box-content\">\n\n\t\t\t\t\n\t\t\t\t\t\t\t\t\t<p class=\"elementor-icon-box-description\">\n\t\t\t\t\t\t<strong>Garrido Canadian Immigration Services Inc. (GCIS)<\/strong> est\u00e1 registrada en el Colegio de Consultores de Inmigraci\u00f3n y Ciudadan\u00eda (CICC) con el n\u00famero de licencia R731350. Estamos legalmente obligados a manejar toda tu informaci\u00f3n personal con el m\u00e1s alto nivel de confidencialidad y cuidado, garantizando que es manejada de forma segura y se utiliza \u00fanicamente para brindar orientaci\u00f3n profesional en inmigraci\u00f3n, en cumplimiento con la ley canadiense.\n\t\t\t\t\t<\/p>\n\t\t\t\t\n\t\t\t<\/div>\n\t\t\t\n\t\t<\/div>\n\t\t\t\t\t\t<\/div>\n\t\t\t\t<\/div>\n\t\t\t\t\t<\/div>\n\t\t\t\t<\/div>\n\t\t\t\t\t<\/div>\n\t\t\t\t<\/div>\n\t\t\t\t\t<\/div>\n\t\t\t\t<\/div>\n\t\t\t\t<section class=\"elementor-section elementor-top-section elementor-element elementor-element-95db392 elementor-section-boxed elementor-section-height-default elementor-section-height-default\" data-id=\"95db392\" data-element_type=\"section\" data-e-type=\"section\" data-settings=\"{&quot;background_background&quot;:&quot;classic&quot;}\">\n\t\t\t\t\t\t<div class=\"elementor-container elementor-column-gap-default\">\n\t\t\t\t\t<div class=\"elementor-column elementor-col-100 elementor-top-column elementor-element elementor-element-28713b7\" data-id=\"28713b7\" data-element_type=\"column\" data-e-type=\"column\">\n\t\t\t<div class=\"elementor-widget-wrap elementor-element-populated\">\n\t\t\t\t\t\t<div class=\"elementor-element elementor-element-87ce9cc elementor-widget-tablet__width-initial elementor-widget elementor-widget-html\" data-id=\"87ce9cc\" data-element_type=\"widget\" data-e-type=\"widget\" data-widget_type=\"html.default\">\n\t\t\t\t<div class=\"elementor-widget-container\">\n\t\t\t\t\t<!-- Calendly inline widget begin -->\r\n<div class=\"calendly-inline-widget\" data-url=\"https:\/\/calendly.com\/luz-g\/60-minutos-de-consulta-pagada?text_color=590202&primary_color=a60303\" style=\"min-width:320px;height:800px;\"><\/div>\r\n<script type=\"text\/javascript\" src=\"https:\/\/assets.calendly.com\/assets\/external\/widget.js\" async><\/script>\r\n<!-- Calendly inline widget end -->\t\t\t\t<\/div>\n\t\t\t\t<\/div>\n\t\t\t\t\t<\/div>\n\t\t<\/div>\n\t\t\t\t\t<\/div>\n\t\t<\/section>\n\t\t\t\t<section class=\"elementor-section elementor-top-section elementor-element elementor-element-4afa40e9 elementor-section-boxed elementor-section-height-default elementor-section-height-default\" data-id=\"4afa40e9\" data-element_type=\"section\" data-e-type=\"section\">\n\t\t\t\t\t\t<div class=\"elementor-container elementor-column-gap-default\">\n\t\t\t\t\t<div class=\"elementor-column elementor-col-100 elementor-top-column elementor-element elementor-element-61be6957\" data-id=\"61be6957\" data-element_type=\"column\" data-e-type=\"column\">\n\t\t\t<div class=\"elementor-widget-wrap elementor-element-populated\">\n\t\t\t\t\t\t<div class=\"elementor-element elementor-element-306dcac3 elementor-widget elementor-widget-spacer\" data-id=\"306dcac3\" data-element_type=\"widget\" data-e-type=\"widget\" data-widget_type=\"spacer.default\">\n\t\t\t\t<div class=\"elementor-widget-container\">\n\t\t\t\t\t\t\t<div class=\"elementor-spacer\">\n\t\t\t<div class=\"elementor-spacer-inner\"><\/div>\n\t\t<\/div>\n\t\t\t\t\t\t<\/div>\n\t\t\t\t<\/div>\n\t\t\t\t\t<\/div>\n\t\t<\/div>\n\t\t\t\t\t<\/div>\n\t\t<\/section>\n\t\t\t\t<section class=\"elementor-section elementor-top-section elementor-element elementor-element-7d19006d elementor-section-boxed elementor-section-height-default elementor-section-height-default\" data-id=\"7d19006d\" data-element_type=\"section\" data-e-type=\"section\">\n\t\t\t\t\t\t<div class=\"elementor-container elementor-column-gap-default\">\n\t\t\t\t\t<div class=\"elementor-column elementor-col-100 elementor-top-column elementor-element elementor-element-74795ae\" data-id=\"74795ae\" data-element_type=\"column\" data-e-type=\"column\">\n\t\t\t<div class=\"elementor-widget-wrap elementor-element-populated\">\n\t\t\t\t\t\t<div class=\"elementor-element elementor-element-209bcbb7 elementor-widget-tablet__width-initial elementor-widget elementor-widget-heading\" data-id=\"209bcbb7\" data-element_type=\"widget\" data-e-type=\"widget\" data-widget_type=\"heading.default\">\n\t\t\t\t<div class=\"elementor-widget-container\">\n\t\t\t\t\t<h2 class=\"elementor-heading-title elementor-size-default\">Tranquilidad en tu Camino de Inmigraci\u00f3n a Canad\u00e1<\/h2>\t\t\t\t<\/div>\n\t\t\t\t<\/div>\n\t\t\t\t<div class=\"elementor-element elementor-element-e044cd elementor-widget elementor-widget-spacer\" data-id=\"e044cd\" data-element_type=\"widget\" data-e-type=\"widget\" data-widget_type=\"spacer.default\">\n\t\t\t\t<div class=\"elementor-widget-container\">\n\t\t\t\t\t\t\t<div class=\"elementor-spacer\">\n\t\t\t<div class=\"elementor-spacer-inner\"><\/div>\n\t\t<\/div>\n\t\t\t\t\t\t<\/div>\n\t\t\t\t<\/div>\n\t\t\t\t\t<\/div>\n\t\t<\/div>\n\t\t\t\t\t<\/div>\n\t\t<\/section>\n\t\t\t\t<\/div>","protected":false},"excerpt":{"rendered":"<p>\u00a1Reserva Ahora Tu Consulta de 1 Hora! Durante esta exhaustiva consulta, profundizaremos en tus antecedentes, calificaciones y aspiraciones. Recibir\u00e1s 1 hora de orientaci\u00f3n experta y adaptada a tu situaci\u00f3n. Al final de la sesi\u00f3n, recibir\u00e1s un informe experto completo que describe las mejores estrategias para lograr tus objetivos, junto con los pasos pr\u00e1cticos para comenzar.&hellip;&nbsp;<a href=\"https:\/\/garridoimmigration.ca\/es_cl\/agenda-hoy\/\" rel=\"bookmark\">Leer m\u00e1s &raquo;<span class=\"screen-reader-text\">Agenda Hoy<\/span><\/a><\/p>","protected":false},"author":2,"featured_media":0,"parent":0,"menu_order":0,"comment_status":"closed","ping_status":"closed","template":"page-templates\/template-pagebuilder-full-width.php","meta":{"neve_meta_sidebar":"full-width","neve_meta_container":"","neve_meta_enable_content_width":"on","neve_meta_content_width":100,"neve_meta_title_alignment":"","neve_meta_author_avatar":"","neve_post_elements_order":"","neve_meta_disable_header":"","neve_meta_disable_footer":"","neve_meta_disable_title":"","footnotes":""},"class_list":["post-3366","page","type-page","status-publish","hentry"],"yoast_head":"<!-- This site is optimized with the Yoast SEO plugin v27.3 - https:\/\/yoast.com\/product\/yoast-seo-wordpress\/ -->\n<title>Agenda Hoy - Garrido Canadian Immigration Services Inc.<\/title>\n<meta name=\"robots\" content=\"index, follow, max-snippet:-1, max-image-preview:large, max-video-preview:-1\" \/>\n<link rel=\"canonical\" href=\"https:\/\/garridoimmigration.ca\/es_cl\/agenda-hoy\/\" \/>\n<meta property=\"og:locale\" content=\"es_ES\" \/>\n<meta property=\"og:type\" content=\"article\" \/>\n<meta property=\"og:title\" content=\"Agenda Hoy - Garrido Canadian Immigration Services Inc.\" \/>\n<meta property=\"og:description\" content=\"\u00a1Reserva Ahora Tu Consulta de 1 Hora! Durante esta exhaustiva consulta, profundizaremos en tus antecedentes, calificaciones y aspiraciones. Recibir\u00e1s 1 hora de orientaci\u00f3n experta y adaptada a tu situaci\u00f3n. Al final de la sesi\u00f3n, recibir\u00e1s un informe experto completo que describe las mejores estrategias para lograr tus objetivos, junto con los pasos pr\u00e1cticos para comenzar.&hellip;&nbsp;Leer m\u00e1s &raquo;Agenda Hoy\" \/>\n<meta property=\"og:url\" content=\"https:\/\/garridoimmigration.ca\/es_cl\/agenda-hoy\/\" \/>\n<meta property=\"og:site_name\" content=\"Garrido Canadian Immigration Services Inc.\" \/>\n<meta property=\"article:publisher\" content=\"https:\/\/www.facebook.com\/GarridoImmigration.ca\/\" \/>\n<meta property=\"article:modified_time\" content=\"2024-12-18T03:44:08+00:00\" \/>\n<meta name=\"twitter:card\" content=\"summary_large_image\" \/>\n<meta name=\"twitter:label1\" content=\"Tiempo estimado de lectura\" \/>\n\t<meta name=\"twitter:data1\" content=\"1 minuto\" \/>\n<script type=\"application\/ld+json\" class=\"yoast-schema-graph\">{\"@context\":\"https:\\\/\\\/schema.org\",\"@graph\":[{\"@type\":\"WebPage\",\"@id\":\"https:\\\/\\\/garridoimmigration.ca\\\/agenda-hoy\\\/\",\"url\":\"https:\\\/\\\/garridoimmigration.ca\\\/agenda-hoy\\\/\",\"name\":\"Agenda Hoy - Garrido Canadian Immigration Services Inc.\",\"isPartOf\":{\"@id\":\"https:\\\/\\\/garridoimmigration.ca\\\/#website\"},\"datePublished\":\"2024-06-03T02:20:32+00:00\",\"dateModified\":\"2024-12-18T03:44:08+00:00\",\"breadcrumb\":{\"@id\":\"https:\\\/\\\/garridoimmigration.ca\\\/agenda-hoy\\\/#breadcrumb\"},\"inLanguage\":\"es-CL\",\"potentialAction\":[{\"@type\":\"ReadAction\",\"target\":[\"https:\\\/\\\/garridoimmigration.ca\\\/agenda-hoy\\\/\"]}]},{\"@type\":\"BreadcrumbList\",\"@id\":\"https:\\\/\\\/garridoimmigration.ca\\\/agenda-hoy\\\/#breadcrumb\",\"itemListElement\":[{\"@type\":\"ListItem\",\"position\":1,\"name\":\"Home\",\"item\":\"https:\\\/\\\/garridoimmigration.ca\\\/\"},{\"@type\":\"ListItem\",\"position\":2,\"name\":\"Agenda Hoy\"}]},{\"@type\":\"WebSite\",\"@id\":\"https:\\\/\\\/garridoimmigration.ca\\\/#website\",\"url\":\"https:\\\/\\\/garridoimmigration.ca\\\/\",\"name\":\"Garrido Canadian Immigration Services Inc.\",\"description\":\"Peace of Mind on Your Immigration Journey\",\"publisher\":{\"@id\":\"https:\\\/\\\/garridoimmigration.ca\\\/#organization\"},\"potentialAction\":[{\"@type\":\"SearchAction\",\"target\":{\"@type\":\"EntryPoint\",\"urlTemplate\":\"https:\\\/\\\/garridoimmigration.ca\\\/?s={search_term_string}\"},\"query-input\":{\"@type\":\"PropertyValueSpecification\",\"valueRequired\":true,\"valueName\":\"search_term_string\"}}],\"inLanguage\":\"es-CL\"},{\"@type\":\"Organization\",\"@id\":\"https:\\\/\\\/garridoimmigration.ca\\\/#organization\",\"name\":\"Garrido Canadian Immigration Services Inc.\",\"url\":\"https:\\\/\\\/garridoimmigration.ca\\\/\",\"logo\":{\"@type\":\"ImageObject\",\"inLanguage\":\"es-CL\",\"@id\":\"https:\\\/\\\/garridoimmigration.ca\\\/#\\\/schema\\\/logo\\\/image\\\/\",\"url\":\"https:\\\/\\\/garridoimmigration.ca\\\/wp-content\\\/uploads\\\/2024\\\/04\\\/GCIS-Web-Logo-24.04.02-01.png\",\"contentUrl\":\"https:\\\/\\\/garridoimmigration.ca\\\/wp-content\\\/uploads\\\/2024\\\/04\\\/GCIS-Web-Logo-24.04.02-01.png\",\"width\":697,\"height\":218,\"caption\":\"Garrido Canadian Immigration Services Inc.\"},\"image\":{\"@id\":\"https:\\\/\\\/garridoimmigration.ca\\\/#\\\/schema\\\/logo\\\/image\\\/\"},\"sameAs\":[\"https:\\\/\\\/www.facebook.com\\\/GarridoImmigration.ca\\\/\",\"https:\\\/\\\/instagram.com\\\/GarridoImmigration.ca\\\/\",\"https:\\\/\\\/linkedin.com\\\/company\\\/garrido-canadian-immigration-services-inc\"]}]}<\/script>\n<!-- \/ Yoast SEO plugin. -->","yoast_head_json":{"title":"Agenda Hoy - Garrido Canadian Immigration Services Inc.","robots":{"index":"index","follow":"follow","max-snippet":"max-snippet:-1","max-image-preview":"max-image-preview:large","max-video-preview":"max-video-preview:-1"},"canonical":"https:\/\/garridoimmigration.ca\/es_cl\/agenda-hoy\/","og_locale":"es_ES","og_type":"article","og_title":"Agenda Hoy - Garrido Canadian Immigration Services Inc.","og_description":"\u00a1Reserva Ahora Tu Consulta de 1 Hora! Durante esta exhaustiva consulta, profundizaremos en tus antecedentes, calificaciones y aspiraciones. Recibir\u00e1s 1 hora de orientaci\u00f3n experta y adaptada a tu situaci\u00f3n. Al final de la sesi\u00f3n, recibir\u00e1s un informe experto completo que describe las mejores estrategias para lograr tus objetivos, junto con los pasos pr\u00e1cticos para comenzar.&hellip;&nbsp;Leer m\u00e1s &raquo;Agenda Hoy","og_url":"https:\/\/garridoimmigration.ca\/es_cl\/agenda-hoy\/","og_site_name":"Garrido Canadian Immigration Services Inc.","article_publisher":"https:\/\/www.facebook.com\/GarridoImmigration.ca\/","article_modified_time":"2024-12-18T03:44:08+00:00","twitter_card":"summary_large_image","twitter_misc":{"Tiempo estimado de lectura":"1 minuto"},"schema":{"@context":"https:\/\/schema.org","@graph":[{"@type":"WebPage","@id":"https:\/\/garridoimmigration.ca\/agenda-hoy\/","url":"https:\/\/garridoimmigration.ca\/agenda-hoy\/","name":"Agenda Hoy - Garrido Canadian Immigration Services Inc.","isPartOf":{"@id":"https:\/\/garridoimmigration.ca\/#website"},"datePublished":"2024-06-03T02:20:32+00:00","dateModified":"2024-12-18T03:44:08+00:00","breadcrumb":{"@id":"https:\/\/garridoimmigration.ca\/agenda-hoy\/#breadcrumb"},"inLanguage":"es-CL","potentialAction":[{"@type":"ReadAction","target":["https:\/\/garridoimmigration.ca\/agenda-hoy\/"]}]},{"@type":"BreadcrumbList","@id":"https:\/\/garridoimmigration.ca\/agenda-hoy\/#breadcrumb","itemListElement":[{"@type":"ListItem","position":1,"name":"Home","item":"https:\/\/garridoimmigration.ca\/"},{"@type":"ListItem","position":2,"name":"Agenda Hoy"}]},{"@type":"WebSite","@id":"https:\/\/garridoimmigration.ca\/#website","url":"https:\/\/garridoimmigration.ca\/","name":"Garrido Canadian Immigration Services Inc.","description":"Peace of Mind on Your Immigration Journey","publisher":{"@id":"https:\/\/garridoimmigration.ca\/#organization"},"potentialAction":[{"@type":"SearchAction","target":{"@type":"EntryPoint","urlTemplate":"https:\/\/garridoimmigration.ca\/?s={search_term_string}"},"query-input":{"@type":"PropertyValueSpecification","valueRequired":true,"valueName":"search_term_string"}}],"inLanguage":"es-CL"},{"@type":"Organization","@id":"https:\/\/garridoimmigration.ca\/#organization","name":"Garrido Canadian Immigration Services Inc.","url":"https:\/\/garridoimmigration.ca\/","logo":{"@type":"ImageObject","inLanguage":"es-CL","@id":"https:\/\/garridoimmigration.ca\/#\/schema\/logo\/image\/","url":"https:\/\/garridoimmigration.ca\/wp-content\/uploads\/2024\/04\/GCIS-Web-Logo-24.04.02-01.png","contentUrl":"https:\/\/garridoimmigration.ca\/wp-content\/uploads\/2024\/04\/GCIS-Web-Logo-24.04.02-01.png","width":697,"height":218,"caption":"Garrido Canadian Immigration Services Inc."},"image":{"@id":"https:\/\/garridoimmigration.ca\/#\/schema\/logo\/image\/"},"sameAs":["https:\/\/www.facebook.com\/GarridoImmigration.ca\/","https:\/\/instagram.com\/GarridoImmigration.ca\/","https:\/\/linkedin.com\/company\/garrido-canadian-immigration-services-inc"]}]}},"_links":{"self":[{"href":"https:\/\/garridoimmigration.ca\/es_cl\/wp-json\/wp\/v2\/pages\/3366","targetHints":{"allow":["GET"]}}],"collection":[{"href":"https:\/\/garridoimmigration.ca\/es_cl\/wp-json\/wp\/v2\/pages"}],"about":[{"href":"https:\/\/garridoimmigration.ca\/es_cl\/wp-json\/wp\/v2\/types\/page"}],"author":[{"embeddable":true,"href":"https:\/\/garridoimmigration.ca\/es_cl\/wp-json\/wp\/v2\/users\/2"}],"replies":[{"embeddable":true,"href":"https:\/\/garridoimmigration.ca\/es_cl\/wp-json\/wp\/v2\/comments?post=3366"}],"version-history":[{"count":59,"href":"https:\/\/garridoimmigration.ca\/es_cl\/wp-json\/wp\/v2\/pages\/3366\/revisions"}],"predecessor-version":[{"id":5665,"href":"https:\/\/garridoimmigration.ca\/es_cl\/wp-json\/wp\/v2\/pages\/3366\/revisions\/5665"}],"wp:attachment":[{"href":"https:\/\/garridoimmigration.ca\/es_cl\/wp-json\/wp\/v2\/media?parent=3366"}],"curies":[{"name":"wp","href":"https:\/\/api.w.org\/{rel}","templated":true}]}}