{"id":2792,"date":"2024-05-06T15:55:39","date_gmt":"2024-05-06T22:55:39","guid":{"rendered":"https:\/\/garridoimmigration.ca\/?page_id=2792"},"modified":"2024-12-10T12:31:33","modified_gmt":"2024-12-10T20:31:33","slug":"privacy-policy","status":"publish","type":"page","link":"https:\/\/garridoimmigration.ca\/es_cl\/privacy-policy\/","title":{"rendered":"Pol\u00edtica de Privacidad"},"content":{"rendered":"<div data-elementor-type=\"wp-page\" data-elementor-id=\"2792\" class=\"elementor elementor-2792\" data-elementor-post-type=\"page\">\n\t\t\t\t\t\t<section class=\"elementor-section elementor-top-section elementor-element elementor-element-599cdbd2 elementor-section-boxed elementor-section-height-default elementor-section-height-default\" data-id=\"599cdbd2\" data-element_type=\"section\" data-e-type=\"section\">\n\t\t\t\t\t\t<div class=\"elementor-container elementor-column-gap-default\">\n\t\t\t\t\t<div class=\"elementor-column elementor-col-100 elementor-top-column elementor-element elementor-element-6c3f320\" data-id=\"6c3f320\" data-element_type=\"column\" data-e-type=\"column\">\n\t\t\t<div class=\"elementor-widget-wrap elementor-element-populated\">\n\t\t\t\t\t\t<div class=\"elementor-element elementor-element-250a63d3 elementor-hidden-phone elementor-skin-carousel elementor-arrows-yes elementor-pagination-type-bullets elementor-pagination-position-outside elementor-widget elementor-widget-media-carousel\" data-id=\"250a63d3\" data-element_type=\"widget\" data-e-type=\"widget\" data-settings=\"{&quot;slides_per_view&quot;:&quot;1&quot;,&quot;slides_per_view_tablet&quot;:&quot;1&quot;,&quot;skin&quot;:&quot;carousel&quot;,&quot;effect&quot;:&quot;slide&quot;,&quot;show_arrows&quot;:&quot;yes&quot;,&quot;pagination&quot;:&quot;bullets&quot;,&quot;speed&quot;:500,&quot;autoplay&quot;:&quot;yes&quot;,&quot;autoplay_speed&quot;:5000,&quot;loop&quot;:&quot;yes&quot;,&quot;pause_on_hover&quot;:&quot;yes&quot;,&quot;pause_on_interaction&quot;:&quot;yes&quot;,&quot;space_between&quot;:{&quot;unit&quot;:&quot;px&quot;,&quot;size&quot;:10,&quot;sizes&quot;:[]},&quot;space_between_tablet&quot;:{&quot;unit&quot;:&quot;px&quot;,&quot;size&quot;:10,&quot;sizes&quot;:[]},&quot;space_between_mobile&quot;:{&quot;unit&quot;:&quot;px&quot;,&quot;size&quot;:10,&quot;sizes&quot;:[]}}\" data-widget_type=\"media-carousel.default\">\n\t\t\t\t<div class=\"elementor-widget-container\">\n\t\t\t\t\t\t\t\t\t<div class=\"elementor-swiper\">\n\t\t\t\t\t<div class=\"elementor-main-swiper swiper\" role=\"region\" aria-roledescription=\"carousel\" aria-label=\"Slides\">\n\t\t\t\t<div class=\"swiper-wrapper\">\n\t\t\t\t\t\t\t\t\t\t\t<div class=\"swiper-slide\" role=\"group\" aria-roledescription=\"slide\">\n\t\t\t\t\t\t\t\t\t<div class=\"elementor-carousel-image\" role=\"img\" aria-label=\"Young crowd having fun in Canada; Gente joven disfrutando su estadia en Canada\" style=\"background-image: url(&#039;https:\/\/garridoimmigration.ca\/wp-content\/uploads\/2024\/04\/Banners-Young-crowd-having-fun-in-Canada.jpg&#039;)\">\n\n\t\t\t\n\t\t\t\t\t<\/div>\n\t\t\t\t\t\t\t\t<\/div>\n\t\t\t\t\t\t\t\t\t<\/div>\n\t\t\t\t\t\t\t<\/div>\n\t\t\t\t<\/div>\n\t\t\t\t\t\t\t\t<\/div>\n\t\t\t\t<\/div>\n\t\t\t\t\t<\/div>\n\t\t<\/div>\n\t\t\t\t\t<\/div>\n\t\t<\/section>\n\t\t\t\t<section class=\"elementor-section elementor-top-section elementor-element elementor-element-2c69692a elementor-section-boxed elementor-section-height-default elementor-section-height-default\" data-id=\"2c69692a\" data-element_type=\"section\" data-e-type=\"section\">\n\t\t\t\t\t\t<div class=\"elementor-container elementor-column-gap-default\">\n\t\t\t\t\t<div class=\"elementor-column elementor-col-100 elementor-top-column elementor-element elementor-element-5eafedf3\" data-id=\"5eafedf3\" data-element_type=\"column\" data-e-type=\"column\">\n\t\t\t<div class=\"elementor-widget-wrap elementor-element-populated\">\n\t\t\t\t\t\t<div class=\"elementor-element elementor-element-18161f3c elementor-hidden-desktop elementor-hidden-tablet elementor-skin-carousel elementor-arrows-yes elementor-pagination-type-bullets elementor-pagination-position-outside elementor-widget elementor-widget-media-carousel\" data-id=\"18161f3c\" data-element_type=\"widget\" data-e-type=\"widget\" data-settings=\"{&quot;slides_per_view&quot;:&quot;1&quot;,&quot;slides_per_view_mobile&quot;:&quot;1&quot;,&quot;skin&quot;:&quot;carousel&quot;,&quot;effect&quot;:&quot;slide&quot;,&quot;show_arrows&quot;:&quot;yes&quot;,&quot;pagination&quot;:&quot;bullets&quot;,&quot;speed&quot;:500,&quot;autoplay&quot;:&quot;yes&quot;,&quot;autoplay_speed&quot;:5000,&quot;loop&quot;:&quot;yes&quot;,&quot;pause_on_hover&quot;:&quot;yes&quot;,&quot;pause_on_interaction&quot;:&quot;yes&quot;,&quot;space_between&quot;:{&quot;unit&quot;:&quot;px&quot;,&quot;size&quot;:10,&quot;sizes&quot;:[]},&quot;space_between_tablet&quot;:{&quot;unit&quot;:&quot;px&quot;,&quot;size&quot;:10,&quot;sizes&quot;:[]},&quot;space_between_mobile&quot;:{&quot;unit&quot;:&quot;px&quot;,&quot;size&quot;:10,&quot;sizes&quot;:[]}}\" data-widget_type=\"media-carousel.default\">\n\t\t\t\t<div class=\"elementor-widget-container\">\n\t\t\t\t\t\t\t\t\t<div class=\"elementor-swiper\">\n\t\t\t\t\t<div class=\"elementor-main-swiper swiper\" role=\"region\" aria-roledescription=\"carousel\" aria-label=\"Slides\">\n\t\t\t\t<div class=\"swiper-wrapper\">\n\t\t\t\t\t\t\t\t\t\t\t<div class=\"swiper-slide\" role=\"group\" aria-roledescription=\"slide\">\n\t\t\t\t\t\t\t\t\t<div class=\"elementor-carousel-image\" role=\"img\" aria-label=\"Young crowd having fun in Canada; Gente joven disfrutando su estadia en Canada\" style=\"background-image: url(&#039;https:\/\/garridoimmigration.ca\/wp-content\/uploads\/2024\/04\/LIVE-in-Canada-YoungGroup-360x320-01.png&#039;)\">\n\n\t\t\t\n\t\t\t\t\t<\/div>\n\t\t\t\t\t\t\t\t<\/div>\n\t\t\t\t\t\t\t\t\t<\/div>\n\t\t\t\t\t\t\t<\/div>\n\t\t\t\t<\/div>\n\t\t\t\t\t\t\t\t<\/div>\n\t\t\t\t<\/div>\n\t\t\t\t\t<\/div>\n\t\t<\/div>\n\t\t\t\t\t<\/div>\n\t\t<\/section>\n\t\t\t\t<section class=\"elementor-section elementor-top-section elementor-element elementor-element-3713aec2 elementor-section-boxed elementor-section-height-default elementor-section-height-default\" data-id=\"3713aec2\" data-element_type=\"section\" data-e-type=\"section\">\n\t\t\t\t\t\t<div class=\"elementor-container elementor-column-gap-default\">\n\t\t\t\t\t<div class=\"elementor-column elementor-col-100 elementor-top-column elementor-element elementor-element-5c05309a\" data-id=\"5c05309a\" data-element_type=\"column\" data-e-type=\"column\">\n\t\t\t<div class=\"elementor-widget-wrap elementor-element-populated\">\n\t\t\t\t\t\t<div class=\"elementor-element elementor-element-2b67df3c elementor-widget elementor-widget-heading\" data-id=\"2b67df3c\" data-element_type=\"widget\" data-e-type=\"widget\" data-widget_type=\"heading.default\">\n\t\t\t\t<div class=\"elementor-widget-container\">\n\t\t\t\t\t<h2 class=\"elementor-heading-title elementor-size-default\">Pol\u00edtica de Privacidad<br><br><\/h2>\t\t\t\t<\/div>\n\t\t\t\t<\/div>\n\t\t\t\t\t<\/div>\n\t\t<\/div>\n\t\t\t\t\t<\/div>\n\t\t<\/section>\n\t\t\t\t<section class=\"elementor-section elementor-top-section elementor-element elementor-element-198caf7d elementor-section-boxed elementor-section-height-default elementor-section-height-default\" data-id=\"198caf7d\" data-element_type=\"section\" data-e-type=\"section\">\n\t\t\t\t\t\t<div class=\"elementor-container elementor-column-gap-default\">\n\t\t\t\t\t<div class=\"elementor-column elementor-col-100 elementor-top-column elementor-element elementor-element-4ad9ae6c\" data-id=\"4ad9ae6c\" data-element_type=\"column\" data-e-type=\"column\">\n\t\t\t<div class=\"elementor-widget-wrap elementor-element-populated\">\n\t\t\t\t\t\t<div class=\"elementor-element elementor-element-6736aba2 elementor-widget elementor-widget-text-editor\" data-id=\"6736aba2\" data-element_type=\"widget\" data-e-type=\"widget\" data-widget_type=\"text-editor.default\">\n\t\t\t\t<div class=\"elementor-widget-container\">\n\t\t\t\t\t\t\t\t\t<p><strong>Garrido Canadian Immigration Services<\/strong> (\u201cnosotros\u201d, \u201cnos\u201d o \u201cnuestro\u201d) se compromete a proteger la privacidad y seguridad de tu informaci\u00f3n personal. Como consultores licenciados de inmigraci\u00f3n canadiense (RCIC), estamos obligados legalmente a manejar toda la informaci\u00f3n personal con el m\u00e1s alto nivel de confidencialidad y cuidado de acuerdo con la ley canadiense. Esta Pol\u00edtica de Privacidad explica c\u00f3mo recopilamos, usamos, divulgamos y salvaguardamos tu informaci\u00f3n cuando visitas nuestro sitio web o utilizas nuestros servicios.<\/p><p><span style=\"text-decoration: underline;\"><strong>Informaci\u00f3n que Recopilamos<\/strong><\/span><\/p><p>Podemos recopilar informaci\u00f3n personal que nos proporcionas voluntariamente cuando:<\/p><ul><li>Completas formularios en nuestro sitio web<\/li><li>Nos contactas por correo electr\u00f3nico, tel\u00e9fono u otros medios<\/li><li>Utilizas nuestros servicios o participas en encuestas, promociones o eventos<\/li><\/ul><p>\u00a0<\/p><p>Los tipos de informaci\u00f3n personal que podemos recopilar incluyen, entre otros:<\/p><ul><li>Nombre<\/li><li>Informaci\u00f3n de contacto (por ejemplo, direcci\u00f3n de correo electr\u00f3nico, n\u00famero de tel\u00e9fono)<\/li><li>Informaci\u00f3n demogr\u00e1fica (por ejemplo, nacionalidad, fecha de nacimiento)<\/li><li>Historial y documentaci\u00f3n de inmigraci\u00f3n<\/li><li>Informaci\u00f3n de pago (si corresponde)<\/li><\/ul><p>\u00a0<\/p><p><span style=\"text-decoration: underline;\"><strong>C\u00f3mo Utilizamos Tu Informaci\u00f3n<\/strong><\/span><\/p><p>Utilizamos la informaci\u00f3n que recopilamos para los siguientes prop\u00f3sitos:<\/p><ul><li>Para dar y mejorar nuestros servicios.<\/li><li>Para comunicarnos contigo respecto de tus consultas, solicitudes o servicios.<\/li><li>Para personalizar nuestros servicios para satisfacer mejor sus necesidades.<\/li><li>Para procesar pagos, cuando corresponda.<\/li><li>Para cumplir con los requisitos legales y reglamentarios.<\/li><\/ul><p>\u00a0<\/p><p>Estamos comprometidos a utilizar tu informaci\u00f3n de manera responsable y \u00fanicamente para los fines descritos anteriormente.<\/p><p><span style=\"text-decoration: underline;\"><strong>Intercambio y Divulgaci\u00f3n de Informaci\u00f3n<\/strong><\/span><\/p><p>Podr\u00edamos compartir tu informaci\u00f3n personal con terceros en las siguientes circunstancias:<\/p><ul><li>Con proveedores de servicios y socios comerciales que nos ayudan a brindar nuestros servicios<\/li><li>Con autoridades gubernamentales u organismos reguladores seg\u00fan lo requiera la ley o para cumplir con obligaciones legales<\/li><li>Con tu consentimiento o bajo tu direcci\u00f3n<\/li><\/ul><p>No vendemos, alquilamos ni comercializamos su informaci\u00f3n personal a terceros con fines de marketing<\/p><p><span style=\"text-decoration: underline;\"><strong>Seguridad de Datos<\/strong><\/span><\/p><p>Estamos comprometidos a salvaguardar la confidencialidad y seguridad de tu informaci\u00f3n personal. Si bien implementamos medidas estrictas para proteger tus datos, debes tener en cuenta que ning\u00fan m\u00e9todo de transmisi\u00f3n a trav\u00e9s de Internet o almacenamiento electr\u00f3nico es completamente seguro. Trabajamos continuamente para mantener los m\u00e1s altos est\u00e1ndares de protecci\u00f3n de datos de conformidad con la ley canadiense.<\/p><p><span style=\"text-decoration: underline;\"><strong>Tus Derechos y Opciones<\/strong><\/span><\/p><p>Tienes derecho a acceder, actualizar y corregir tu informaci\u00f3n personal. Tambi\u00e9n puedes solicitar que eliminemos tu informaci\u00f3n o restrinjamos tu procesamiento, sujeto a restricciones legales y contractuales.<\/p><p><span style=\"text-decoration: underline;\"><strong>Cambios a esta Pol\u00edtica de Privacidad<\/strong><\/span><\/p><p>Nos reservamos el derecho de actualizar o modificar esta Pol\u00edtica de Privacidad en cualquier momento sin previo aviso. Te recomendamos que revises esta pol\u00edtica peri\u00f3dicamente para mantenerte informado(a) sobre c\u00f3mo recopilamos, utilizamos y protegemos tu informaci\u00f3n.<\/p><p><span style=\"text-decoration: underline;\"><strong>Cont\u00e1ctanos<\/strong><\/span><\/p><p>Si tienes alguna pregunta o inquietud sobre esta Pol\u00edtica de Privacidad o nuestras pr\u00e1cticas de seguridad de datos, cont\u00e1ctanos a trav\u00e9s de nuestro correo electr\u00f3nico <strong>info@GarridoImmigration.ca<\/strong>.<\/p>\t\t\t\t\t\t\t\t<\/div>\n\t\t\t\t<\/div>\n\t\t\t\t\t<\/div>\n\t\t<\/div>\n\t\t\t\t\t<\/div>\n\t\t<\/section>\n\t\t\t\t<section class=\"elementor-section elementor-top-section elementor-element elementor-element-367c8f97 elementor-section-boxed elementor-section-height-default elementor-section-height-default\" data-id=\"367c8f97\" data-element_type=\"section\" data-e-type=\"section\">\n\t\t\t\t\t\t<div class=\"elementor-container elementor-column-gap-default\">\n\t\t\t\t\t<div class=\"elementor-column elementor-col-100 elementor-top-column elementor-element elementor-element-1fbab9e\" data-id=\"1fbab9e\" data-element_type=\"column\" data-e-type=\"column\">\n\t\t\t<div class=\"elementor-widget-wrap elementor-element-populated\">\n\t\t\t\t\t\t<div class=\"elementor-element elementor-element-6e30363 elementor-widget elementor-widget-spacer\" data-id=\"6e30363\" data-element_type=\"widget\" data-e-type=\"widget\" data-widget_type=\"spacer.default\">\n\t\t\t\t<div class=\"elementor-widget-container\">\n\t\t\t\t\t\t\t<div class=\"elementor-spacer\">\n\t\t\t<div class=\"elementor-spacer-inner\"><\/div>\n\t\t<\/div>\n\t\t\t\t\t\t<\/div>\n\t\t\t\t<\/div>\n\t\t\t\t\t<\/div>\n\t\t<\/div>\n\t\t\t\t\t<\/div>\n\t\t<\/section>\n\t\t\t\t<section class=\"elementor-section elementor-top-section elementor-element elementor-element-7123caff elementor-section-boxed elementor-section-height-default elementor-section-height-default\" data-id=\"7123caff\" data-element_type=\"section\" data-e-type=\"section\">\n\t\t\t\t\t\t<div class=\"elementor-container elementor-column-gap-default\">\n\t\t\t\t\t<div class=\"elementor-column elementor-col-100 elementor-top-column elementor-element elementor-element-47ca189f\" data-id=\"47ca189f\" data-element_type=\"column\" data-e-type=\"column\">\n\t\t\t<div class=\"elementor-widget-wrap elementor-element-populated\">\n\t\t\t\t\t\t<div class=\"elementor-element elementor-element-38ed7ce1 elementor-widget elementor-widget-text-editor\" data-id=\"38ed7ce1\" data-element_type=\"widget\" data-e-type=\"widget\" data-widget_type=\"text-editor.default\">\n\t\t\t\t<div class=\"elementor-widget-container\">\n\t\t\t\t\t\t\t\t\t<p>GCIS es tu socio perfecto de inmigraci\u00f3n. Reserva tu consulta para obtener m\u00e1s informaci\u00f3n sobre las oportunidades que te cambiar\u00e1n la vida en Canad\u00e1.\u00a0<\/p>\t\t\t\t\t\t\t\t<\/div>\n\t\t\t\t<\/div>\n\t\t\t\t<div class=\"elementor-element elementor-element-4df7b16 elementor-button-warning elementor-align-center elementor-widget-tablet__width-initial elementor-widget elementor-widget-button\" data-id=\"4df7b16\" data-element_type=\"widget\" data-e-type=\"widget\" data-widget_type=\"button.default\">\n\t\t\t\t<div class=\"elementor-widget-container\">\n\t\t\t\t\t\t\t\t\t<div class=\"elementor-button-wrapper\">\n\t\t\t\t\t<a class=\"elementor-button elementor-button-link elementor-size-lg elementor-animation-shrink\" href=\"https:\/\/garridoimmigration.ca\/es_cl\/book-now\/\" target=\"_blank\">\n\t\t\t\t\t\t<span class=\"elementor-button-content-wrapper\">\n\t\t\t\t\t\t\t\t\t<span class=\"elementor-button-text\">BOOK TODAY<\/span>\n\t\t\t\t\t<\/span>\n\t\t\t\t\t<\/a>\n\t\t\t\t<\/div>\n\t\t\t\t\t\t\t\t<\/div>\n\t\t\t\t<\/div>\n\t\t\t\t<div class=\"elementor-element elementor-element-702c383a elementor-widget elementor-widget-heading\" data-id=\"702c383a\" data-element_type=\"widget\" data-e-type=\"widget\" data-widget_type=\"heading.default\">\n\t\t\t\t<div class=\"elementor-widget-container\">\n\t\t\t\t\t<h2 class=\"elementor-heading-title elementor-size-default\">Tranquilidad en tu Camino de Inmigraci\u00f3n a Canad\u00e1<\/h2>\t\t\t\t<\/div>\n\t\t\t\t<\/div>\n\t\t\t\t\t<\/div>\n\t\t<\/div>\n\t\t\t\t\t<\/div>\n\t\t<\/section>\n\t\t\t\t<section class=\"elementor-section elementor-top-section elementor-element elementor-element-8eca5f5 elementor-section-boxed elementor-section-height-default elementor-section-height-default\" data-id=\"8eca5f5\" data-element_type=\"section\" data-e-type=\"section\">\n\t\t\t\t\t\t<div class=\"elementor-container elementor-column-gap-default\">\n\t\t\t\t\t<div class=\"elementor-column elementor-col-100 elementor-top-column elementor-element elementor-element-baefe0e\" data-id=\"baefe0e\" data-element_type=\"column\" data-e-type=\"column\">\n\t\t\t<div class=\"elementor-widget-wrap elementor-element-populated\">\n\t\t\t\t\t\t<div class=\"elementor-element elementor-element-d41f69d elementor-widget elementor-widget-spacer\" data-id=\"d41f69d\" data-element_type=\"widget\" data-e-type=\"widget\" data-widget_type=\"spacer.default\">\n\t\t\t\t<div class=\"elementor-widget-container\">\n\t\t\t\t\t\t\t<div class=\"elementor-spacer\">\n\t\t\t<div class=\"elementor-spacer-inner\"><\/div>\n\t\t<\/div>\n\t\t\t\t\t\t<\/div>\n\t\t\t\t<\/div>\n\t\t\t\t\t<\/div>\n\t\t<\/div>\n\t\t\t\t\t<\/div>\n\t\t<\/section>\n\t\t\t\t<\/div>","protected":false},"excerpt":{"rendered":"<p>Privacy Policy Garrido Canadian Immigration Services (&#8220;we,&#8221; &#8220;us,&#8221; or &#8220;our&#8221;) \u00a0is committed to protecting the privacy and security of your personal information. As a Regulated Canadian Immigration Consultant (RCIC), we are legally required to handle all personal information with the highest level of confidentiality and care in compliance with Canadian law. This Privacy Policy explains&hellip;&nbsp;<a href=\"https:\/\/garridoimmigration.ca\/es_cl\/privacy-policy\/\" rel=\"bookmark\">Leer m\u00e1s &raquo;<span class=\"screen-reader-text\">Pol\u00edtica de Privacidad<\/span><\/a><\/p>","protected":false},"author":2,"featured_media":0,"parent":0,"menu_order":0,"comment_status":"closed","ping_status":"closed","template":"page-templates\/template-pagebuilder-full-width.php","meta":{"neve_meta_sidebar":"full-width","neve_meta_container":"","neve_meta_enable_content_width":"on","neve_meta_content_width":100,"neve_meta_title_alignment":"","neve_meta_author_avatar":"","neve_post_elements_order":"","neve_meta_disable_header":"","neve_meta_disable_footer":"","neve_meta_disable_title":"","_wp_convertkit_post_meta":{"form":"-1","landing_page":"0","tag":"0","restrict_content":"0"},"footnotes":""},"class_list":["post-2792","page","type-page","status-publish","hentry"],"yoast_head":"<!-- This site is optimized with the Yoast SEO plugin v27.4 - https:\/\/yoast.com\/product\/yoast-seo-wordpress\/ -->\n<title>Privacy Policy - Garrido Canadian Immigration Services Inc.<\/title>\n<meta name=\"robots\" content=\"index, follow, max-snippet:-1, max-image-preview:large, max-video-preview:-1\" \/>\n<link rel=\"canonical\" href=\"https:\/\/garridoimmigration.ca\/es_cl\/privacy-policy\/\" \/>\n<meta property=\"og:locale\" content=\"es_ES\" \/>\n<meta property=\"og:type\" content=\"article\" \/>\n<meta property=\"og:title\" content=\"Privacy Policy - Garrido Canadian Immigration Services Inc.\" \/>\n<meta property=\"og:description\" content=\"Privacy Policy Garrido Canadian Immigration Services (&#8220;we,&#8221; &#8220;us,&#8221; or &#8220;our&#8221;) \u00a0is committed to protecting the privacy and security of your personal information. As a Regulated Canadian Immigration Consultant (RCIC), we are legally required to handle all personal information with the highest level of confidentiality and care in compliance with Canadian law. This Privacy Policy explains&hellip;&nbsp;Leer m\u00e1s &raquo;Privacy Policy\" \/>\n<meta property=\"og:url\" content=\"https:\/\/garridoimmigration.ca\/es_cl\/privacy-policy\/\" \/>\n<meta property=\"og:site_name\" content=\"Garrido Canadian Immigration Services Inc.\" \/>\n<meta property=\"article:publisher\" content=\"https:\/\/www.facebook.com\/GarridoImmigration.ca\/\" \/>\n<meta property=\"article:modified_time\" content=\"2024-12-10T20:31:33+00:00\" \/>\n<meta name=\"twitter:card\" content=\"summary_large_image\" \/>\n<meta name=\"twitter:label1\" content=\"Tiempo estimado de lectura\" \/>\n\t<meta name=\"twitter:data1\" content=\"2 minutos\" \/>\n<script type=\"application\/ld+json\" class=\"yoast-schema-graph\">{\"@context\":\"https:\\\/\\\/schema.org\",\"@graph\":[{\"@type\":\"WebPage\",\"@id\":\"https:\\\/\\\/garridoimmigration.ca\\\/privacy-policy\\\/\",\"url\":\"https:\\\/\\\/garridoimmigration.ca\\\/privacy-policy\\\/\",\"name\":\"Privacy Policy - Garrido Canadian Immigration Services Inc.\",\"isPartOf\":{\"@id\":\"https:\\\/\\\/garridoimmigration.ca\\\/#website\"},\"datePublished\":\"2024-05-06T22:55:39+00:00\",\"dateModified\":\"2024-12-10T20:31:33+00:00\",\"breadcrumb\":{\"@id\":\"https:\\\/\\\/garridoimmigration.ca\\\/privacy-policy\\\/#breadcrumb\"},\"inLanguage\":\"es-CL\",\"potentialAction\":[{\"@type\":\"ReadAction\",\"target\":[\"https:\\\/\\\/garridoimmigration.ca\\\/privacy-policy\\\/\"]}]},{\"@type\":\"BreadcrumbList\",\"@id\":\"https:\\\/\\\/garridoimmigration.ca\\\/privacy-policy\\\/#breadcrumb\",\"itemListElement\":[{\"@type\":\"ListItem\",\"position\":1,\"name\":\"Home\",\"item\":\"https:\\\/\\\/garridoimmigration.ca\\\/\"},{\"@type\":\"ListItem\",\"position\":2,\"name\":\"Privacy Policy\"}]},{\"@type\":\"WebSite\",\"@id\":\"https:\\\/\\\/garridoimmigration.ca\\\/#website\",\"url\":\"https:\\\/\\\/garridoimmigration.ca\\\/\",\"name\":\"Garrido Canadian Immigration Services Inc.\",\"description\":\"Peace of Mind on Your Immigration Journey\",\"publisher\":{\"@id\":\"https:\\\/\\\/garridoimmigration.ca\\\/#organization\"},\"potentialAction\":[{\"@type\":\"SearchAction\",\"target\":{\"@type\":\"EntryPoint\",\"urlTemplate\":\"https:\\\/\\\/garridoimmigration.ca\\\/?s={search_term_string}\"},\"query-input\":{\"@type\":\"PropertyValueSpecification\",\"valueRequired\":true,\"valueName\":\"search_term_string\"}}],\"inLanguage\":\"es-CL\"},{\"@type\":\"Organization\",\"@id\":\"https:\\\/\\\/garridoimmigration.ca\\\/#organization\",\"name\":\"Garrido Canadian Immigration Services Inc.\",\"url\":\"https:\\\/\\\/garridoimmigration.ca\\\/\",\"logo\":{\"@type\":\"ImageObject\",\"inLanguage\":\"es-CL\",\"@id\":\"https:\\\/\\\/garridoimmigration.ca\\\/#\\\/schema\\\/logo\\\/image\\\/\",\"url\":\"https:\\\/\\\/garridoimmigration.ca\\\/wp-content\\\/uploads\\\/2024\\\/04\\\/GCIS-Web-Logo-24.04.02-01.png\",\"contentUrl\":\"https:\\\/\\\/garridoimmigration.ca\\\/wp-content\\\/uploads\\\/2024\\\/04\\\/GCIS-Web-Logo-24.04.02-01.png\",\"width\":697,\"height\":218,\"caption\":\"Garrido Canadian Immigration Services Inc.\"},\"image\":{\"@id\":\"https:\\\/\\\/garridoimmigration.ca\\\/#\\\/schema\\\/logo\\\/image\\\/\"},\"sameAs\":[\"https:\\\/\\\/www.facebook.com\\\/GarridoImmigration.ca\\\/\",\"https:\\\/\\\/instagram.com\\\/GarridoImmigration.ca\\\/\",\"https:\\\/\\\/linkedin.com\\\/company\\\/garrido-canadian-immigration-services-inc\"]}]}<\/script>\n<!-- \/ Yoast SEO plugin. -->","yoast_head_json":{"title":"Privacy Policy - Garrido Canadian Immigration Services Inc.","robots":{"index":"index","follow":"follow","max-snippet":"max-snippet:-1","max-image-preview":"max-image-preview:large","max-video-preview":"max-video-preview:-1"},"canonical":"https:\/\/garridoimmigration.ca\/es_cl\/privacy-policy\/","og_locale":"es_ES","og_type":"article","og_title":"Privacy Policy - Garrido Canadian Immigration Services Inc.","og_description":"Privacy Policy Garrido Canadian Immigration Services (&#8220;we,&#8221; &#8220;us,&#8221; or &#8220;our&#8221;) \u00a0is committed to protecting the privacy and security of your personal information. As a Regulated Canadian Immigration Consultant (RCIC), we are legally required to handle all personal information with the highest level of confidentiality and care in compliance with Canadian law. This Privacy Policy explains&hellip;&nbsp;Leer m\u00e1s &raquo;Privacy Policy","og_url":"https:\/\/garridoimmigration.ca\/es_cl\/privacy-policy\/","og_site_name":"Garrido Canadian Immigration Services Inc.","article_publisher":"https:\/\/www.facebook.com\/GarridoImmigration.ca\/","article_modified_time":"2024-12-10T20:31:33+00:00","twitter_card":"summary_large_image","twitter_misc":{"Tiempo estimado de lectura":"2 minutos"},"schema":{"@context":"https:\/\/schema.org","@graph":[{"@type":"WebPage","@id":"https:\/\/garridoimmigration.ca\/privacy-policy\/","url":"https:\/\/garridoimmigration.ca\/privacy-policy\/","name":"Privacy Policy - Garrido Canadian Immigration Services Inc.","isPartOf":{"@id":"https:\/\/garridoimmigration.ca\/#website"},"datePublished":"2024-05-06T22:55:39+00:00","dateModified":"2024-12-10T20:31:33+00:00","breadcrumb":{"@id":"https:\/\/garridoimmigration.ca\/privacy-policy\/#breadcrumb"},"inLanguage":"es-CL","potentialAction":[{"@type":"ReadAction","target":["https:\/\/garridoimmigration.ca\/privacy-policy\/"]}]},{"@type":"BreadcrumbList","@id":"https:\/\/garridoimmigration.ca\/privacy-policy\/#breadcrumb","itemListElement":[{"@type":"ListItem","position":1,"name":"Home","item":"https:\/\/garridoimmigration.ca\/"},{"@type":"ListItem","position":2,"name":"Privacy Policy"}]},{"@type":"WebSite","@id":"https:\/\/garridoimmigration.ca\/#website","url":"https:\/\/garridoimmigration.ca\/","name":"Garrido Canadian Immigration Services Inc.","description":"Peace of Mind on Your Immigration Journey","publisher":{"@id":"https:\/\/garridoimmigration.ca\/#organization"},"potentialAction":[{"@type":"SearchAction","target":{"@type":"EntryPoint","urlTemplate":"https:\/\/garridoimmigration.ca\/?s={search_term_string}"},"query-input":{"@type":"PropertyValueSpecification","valueRequired":true,"valueName":"search_term_string"}}],"inLanguage":"es-CL"},{"@type":"Organization","@id":"https:\/\/garridoimmigration.ca\/#organization","name":"Garrido Canadian Immigration Services Inc.","url":"https:\/\/garridoimmigration.ca\/","logo":{"@type":"ImageObject","inLanguage":"es-CL","@id":"https:\/\/garridoimmigration.ca\/#\/schema\/logo\/image\/","url":"https:\/\/garridoimmigration.ca\/wp-content\/uploads\/2024\/04\/GCIS-Web-Logo-24.04.02-01.png","contentUrl":"https:\/\/garridoimmigration.ca\/wp-content\/uploads\/2024\/04\/GCIS-Web-Logo-24.04.02-01.png","width":697,"height":218,"caption":"Garrido Canadian Immigration Services Inc."},"image":{"@id":"https:\/\/garridoimmigration.ca\/#\/schema\/logo\/image\/"},"sameAs":["https:\/\/www.facebook.com\/GarridoImmigration.ca\/","https:\/\/instagram.com\/GarridoImmigration.ca\/","https:\/\/linkedin.com\/company\/garrido-canadian-immigration-services-inc"]}]}},"_links":{"self":[{"href":"https:\/\/garridoimmigration.ca\/es_cl\/wp-json\/wp\/v2\/pages\/2792","targetHints":{"allow":["GET"]}}],"collection":[{"href":"https:\/\/garridoimmigration.ca\/es_cl\/wp-json\/wp\/v2\/pages"}],"about":[{"href":"https:\/\/garridoimmigration.ca\/es_cl\/wp-json\/wp\/v2\/types\/page"}],"author":[{"embeddable":true,"href":"https:\/\/garridoimmigration.ca\/es_cl\/wp-json\/wp\/v2\/users\/2"}],"replies":[{"embeddable":true,"href":"https:\/\/garridoimmigration.ca\/es_cl\/wp-json\/wp\/v2\/comments?post=2792"}],"version-history":[{"count":74,"href":"https:\/\/garridoimmigration.ca\/es_cl\/wp-json\/wp\/v2\/pages\/2792\/revisions"}],"predecessor-version":[{"id":5546,"href":"https:\/\/garridoimmigration.ca\/es_cl\/wp-json\/wp\/v2\/pages\/2792\/revisions\/5546"}],"wp:attachment":[{"href":"https:\/\/garridoimmigration.ca\/es_cl\/wp-json\/wp\/v2\/media?parent=2792"}],"curies":[{"name":"wp","href":"https:\/\/api.w.org\/{rel}","templated":true}]}}